{"id":5,"date":"2020-08-21T23:00:23","date_gmt":"2020-08-21T23:00:23","guid":{"rendered":"https:\/\/arech.cl\/validacion\/?page_id=5"},"modified":"2020-09-30T02:53:45","modified_gmt":"2020-09-30T02:53:45","slug":"inicio","status":"publish","type":"page","link":"https:\/\/arech.cl\/validacion\/","title":{"rendered":"Inicio"},"content":{"rendered":"\t\t<div data-elementor-type=\"wp-page\" data-elementor-id=\"5\" class=\"elementor elementor-5\" data-elementor-settings=\"[]\">\n\t\t\t<div class=\"elementor-inner\">\n\t\t\t\t<div class=\"elementor-section-wrap\">\n\t\t\t\t\t\t\t<header class=\"elementor-element elementor-element-24eb375 elementor-section-stretched elementor-section-height-min-height elementor-section-items-stretch elementor-section-content-space-between elementor-section-boxed elementor-section-height-default elementor-section elementor-top-section\" data-id=\"24eb375\" data-element_type=\"section\" data-settings=\"{&quot;stretch_section&quot;:&quot;section-stretched&quot;}\">\n\t\t\t\t\t\t\t<div class=\"elementor-background-overlay\"><\/div>\n\t\t\t\t\t\t\t<div class=\"elementor-container elementor-column-gap-default\">\n\t\t\t\t<div class=\"elementor-row\">\n\t\t\t\t<div class=\"elementor-element elementor-element-92105df elementor-column elementor-col-100 elementor-top-column\" data-id=\"92105df\" data-element_type=\"column\">\n\t\t\t<div class=\"elementor-column-wrap  elementor-element-populated\">\n\t\t\t\t\t<div class=\"elementor-widget-wrap\">\n\t\t\t\t<div class=\"elementor-element elementor-element-21ac3f9 elementor-widget elementor-widget-image\" data-id=\"21ac3f9\" data-element_type=\"widget\" data-widget_type=\"image.default\">\n\t\t\t\t<div class=\"elementor-widget-container\">\n\t\t\t\t\t<div class=\"elementor-image\">\n\t\t\t\t\t\t\t\t\t\t<img width=\"800\" height=\"143\" src=\"https:\/\/arech.cl\/validacion\/wp-content\/uploads\/2020\/08\/logo-arech-blanco.png\" class=\"attachment-full size-full\" alt=\"\" loading=\"lazy\" srcset=\"https:\/\/arech.cl\/validacion\/wp-content\/uploads\/2020\/08\/logo-arech-blanco.png 800w, https:\/\/arech.cl\/validacion\/wp-content\/uploads\/2020\/08\/logo-arech-blanco-300x54.png 300w, https:\/\/arech.cl\/validacion\/wp-content\/uploads\/2020\/08\/logo-arech-blanco-768x137.png 768w\" sizes=\"(max-width: 800px) 100vw, 800px\" \/>\t\t\t\t\t\t\t\t\t\t\t<\/div>\n\t\t\t\t<\/div>\n\t\t\t\t<\/div>\n\t\t\t\t\t\t<\/div>\n\t\t\t<\/div>\n\t\t<\/div>\n\t\t\t\t\t\t<\/div>\n\t\t\t<\/div>\n\t\t<\/header>\n\t\t\t\t<section class=\"elementor-element elementor-element-4ee8586 elementor-section-boxed elementor-section-height-default elementor-section-height-default elementor-section elementor-top-section\" data-id=\"4ee8586\" data-element_type=\"section\">\n\t\t\t\t\t\t<div class=\"elementor-container elementor-column-gap-default\">\n\t\t\t\t<div class=\"elementor-row\">\n\t\t\t\t<div class=\"elementor-element elementor-element-ec7f109 elementor-column elementor-col-100 elementor-top-column\" data-id=\"ec7f109\" data-element_type=\"column\">\n\t\t\t<div class=\"elementor-column-wrap  elementor-element-populated\">\n\t\t\t\t\t<div class=\"elementor-widget-wrap\">\n\t\t\t\t<div class=\"elementor-element elementor-element-598f5c9 elementor-widget elementor-widget-heading\" data-id=\"598f5c9\" data-element_type=\"widget\" data-widget_type=\"heading.default\">\n\t\t\t\t<div class=\"elementor-widget-container\">\n\t\t\t<h2 class=\"elementor-heading-title elementor-size-default\">Validaci\u00f3n de Certificado en l\u00ednea<\/h2>\t\t<\/div>\n\t\t\t\t<\/div>\n\t\t\t\t<div class=\"elementor-element elementor-element-fb2376f elementor-widget elementor-widget-text-editor\" data-id=\"fb2376f\" data-element_type=\"widget\" data-widget_type=\"text-editor.default\">\n\t\t\t\t<div class=\"elementor-widget-container\">\n\t\t\t\t\t<div class=\"elementor-text-editor elementor-clearfix\"><p>Aqu\u00ed podr\u00e1 validar los Certificados emitidos por Arech SpA de los cursos en los cuales has participado. Para esto, debes <strong>Ingresar el C\u00f3digo de Verificaci\u00f3n<\/strong> que se encuentra en el certificado y luego hacer click en Validar.<\/p><\/div>\n\t\t\t\t<\/div>\n\t\t\t\t<\/div>\n\t\t\t\t<div class=\"elementor-element elementor-element-eca5b10 elementor-widget elementor-widget-wp-widget-custom_html\" data-id=\"eca5b10\" data-element_type=\"widget\" data-widget_type=\"wp-widget-custom_html.default\">\n\t\t\t\t<div class=\"elementor-widget-container\">\n\t\t\t<div class=\"textwidget custom-html-widget\"><link rel=\"stylesheet\" href=\"https:\/\/arech.cl\/validacion\/wp-content\/plugins\/jp-students-result-system-premium\/includes\/template\/css\/fancybox.css\" \/>\r\n<style type=\"text\/css\">\r\n\ttable.jsrmsp-isf{\r\n\t\twidth: 100%;\r\n\t\tborder: none;\r\n\t}\r\n\ttable.jsrmsp-isf tbody tr{\r\n\t\tborder: none;\r\n\t}\r\n\ttable.jsrmsp-isf tbody tr td {\r\n\t\tpadding: 5px;\r\n\t\tborder: none;\r\n\t}\r\n<\/style>\r\n<script type=\"text\/javascript\" src=\"https:\/\/arech.cl\/validacion\/wp-content\/plugins\/jp-students-result-system-premium\/includes\/template\/js\/fancybox.js\"><\/script>\r\n<fieldset class=\"jsrmsp-fieldset\">\r\n    <!--<legend class=\"jsrmsp-legend\">Search Results<\/legend>-->\r\n\t<form style=\"margin-top: 10px;\" action=\"\" id=\"result-form\" method=\"post\">\r\n\t\t\r\n\t\t\t\t\r\n\t\t<table class=\"jsrmsp-isf\">\r\n\t\t\t<tbody>\r\n\t\t\t\t\t\t<tr>\r\n\t\t\t<!--<td><label for=\"nonp-exam-roll\">HOLA C\u00d3DIGO DE VERIFICACI\u00d3N<\/label><\/td>-->\r\n\t\t\t<td>\r\n\t\t\t\t<input type=\"text\" id=\"nonp-exam-roll\" name=\"exam_roll\" placeholder=\"Ingresa el c\u00f3digo de verificaci\u00f3n\" required \/>\r\n\t\t\t<\/td>\r\n\t\t<\/tr>\r\n\t\t\t<tr>\r\n\t\t\t<td><input type=\"submit\" value=\"Buscar\" class=\"result-submit-btn\" name=\"result_form\" \/><p style=\"margin: 0; line-height: 25px;\" class=\"loader\">Buscando resultados... <img style=\"margin-top: 2px !important\" class=\"rloader\" src=\"https:\/\/arech.cl\/validacion\/wp-content\/plugins\/jp-students-result-system-premium\/includes\/template\/class\/..\/images\/spinner-2.gif\" alt=\"\" \/><\/p><\/td>\r\n\t\t<\/tr>\r\n\t\t<!--<tr>\r\n\t\t\t<td><input type=\"submit\" value=\"Buscar\" class=\"result-submit-btn\" name=\"result_form\" \/><\/td>\r\n\t\t\t<td><p style=\"margin: 0; line-height: 25px;\" class=\"loader\">Buscando resultados... <img style=\"margin-top: 2px !important\" class=\"rloader\" src=\"https:\/\/arech.cl\/validacion\/wp-content\/plugins\/jp-students-result-system-premium\/includes\/template\/class\/..\/images\/spinner-2.gif\" alt=\"\" \/><\/p><\/td>\r\n\t\t<\/tr>-->\r\n\t\t\t\t<\/tbody>\r\n\t\t<\/table>\r\n\t\t\r\n\t<\/form>\r\n<\/fieldset>\r\n   \r\n<div class=\"result-container\"><\/div>\r\n\r\n<script type=\"text\/javascript\">\r\n\tjQuery(document).ready(function() {\r\n\t\tjQuery('.fancybox').fancybox();\r\n\t});\r\n<\/script>\r\n\r\n<\/div>\t\t<\/div>\n\t\t\t\t<\/div>\n\t\t\t\t\t\t<\/div>\n\t\t\t<\/div>\n\t\t<\/div>\n\t\t\t\t\t\t<\/div>\n\t\t\t<\/div>\n\t\t<\/section>\n\t\t\t\t\t\t<\/div>\n\t\t\t<\/div>\n\t\t<\/div>\n\t\t","protected":false},"excerpt":{"rendered":"<p>Validaci\u00f3n de Certificado en l\u00ednea Aqu\u00ed podr\u00e1 validar los Certificados emitidos por Arech SpA de los cursos en los cuales has participado. Para esto, debes Ingresar el C\u00f3digo de Verificaci\u00f3n que se encuentra en el certificado y luego hacer click en Validar.<\/p>\n","protected":false},"author":1,"featured_media":0,"parent":0,"menu_order":0,"comment_status":"closed","ping_status":"closed","template":"elementor_canvas","meta":[],"_links":{"self":[{"href":"https:\/\/arech.cl\/validacion\/wp-json\/wp\/v2\/pages\/5"}],"collection":[{"href":"https:\/\/arech.cl\/validacion\/wp-json\/wp\/v2\/pages"}],"about":[{"href":"https:\/\/arech.cl\/validacion\/wp-json\/wp\/v2\/types\/page"}],"author":[{"embeddable":true,"href":"https:\/\/arech.cl\/validacion\/wp-json\/wp\/v2\/users\/1"}],"replies":[{"embeddable":true,"href":"https:\/\/arech.cl\/validacion\/wp-json\/wp\/v2\/comments?post=5"}],"version-history":[{"count":32,"href":"https:\/\/arech.cl\/validacion\/wp-json\/wp\/v2\/pages\/5\/revisions"}],"predecessor-version":[{"id":104,"href":"https:\/\/arech.cl\/validacion\/wp-json\/wp\/v2\/pages\/5\/revisions\/104"}],"wp:attachment":[{"href":"https:\/\/arech.cl\/validacion\/wp-json\/wp\/v2\/media?parent=5"}],"curies":[{"name":"wp","href":"https:\/\/api.w.org\/{rel}","templated":true}]}}